{"id":22,"date":"2026-04-15T11:47:54","date_gmt":"2026-04-15T09:47:54","guid":{"rendered":"https:\/\/www.senovskyrybar.cz\/?page_id=22"},"modified":"2026-04-15T11:50:05","modified_gmt":"2026-04-15T09:50:05","slug":"kontakt","status":"publish","type":"page","link":"https:\/\/www.senovskyrybar.cz\/?page_id=22","title":{"rendered":"Kontakt"},"content":{"rendered":"\n<p><br><br><a href=\"https:\/\/www.senovskyrybar.cz\/\"><strong>MS \u010cRS \u0160enov<\/strong><\/a><br><img decoding=\"async\" src=\"https:\/\/www.senovskyrybar.cz\/wp-content\/uploads\/2026\/04\/image.jpeg\" alt=\"\"><br><strong><u>Kontakt na \u010dleny v\u00fdboru MS \u010cRS \u0160enov<\/u><\/strong><br>Ing. Skupe\u0148 Martin 607\u00a0866\u00a0104 (p\u0159edseda, pokladn\u00edk)<br>Tom\u00e1\u0161 Zych (jednatel)<br>Bc. Roman Poledn\u00edk 724 416 705 (brig\u00e1dy)<br>Vykrut\u00edk Roman 732\u00a0260\u00a0520 ( hospod\u00e1\u0159)<br>Roman Hofer 605 540 966 ml\u00e1de\u017e)<br><a href=\"mailto:admin@senovskyrybar.cz\">martin.skupen@se<\/a>znam.cz<br><a href=\"http:\/\/www.senovskyrybar.cz\/\">www.senovskyrybar.cz<\/a><br><strong><u>Kontakt na MO \u010cRS Ostrava<\/u><\/strong><br>Sklen\u00e1\u0159 V\u00e1clav 737\u00a0521\u00a0579 ( p\u0159edseda)<br>Sekretari\u00e1t:<br>Anna \u010ce\u010dotkov\u00e1 734\u00a0656\u00a0403<br>\u00da\u0159edn\u00ed hodiny: pond\u011bl\u00ed a \u010dtvrtek 8:00 \u2013 15:00 hod.<br>Z\u00e1humenn\u00ed 2144\/36, 708 00 Ostrava Poruba<br><a href=\"mailto:crs.moova@seznam.cz\">crs.moova@seznam.cz<\/a>\u00a0\u00a0<a href=\"http:\/\/www.mo-ostrava.cz\/\">www.mo-ostrava.cz<\/a><br>I\u010cO 15502791<\/p>\n","protected":false},"excerpt":{"rendered":"<p>MS \u010cRS \u0160enovKontakt na \u010dleny v\u00fdboru MS \u010cRS \u0160enovIng. Skupe\u0148 Martin 607\u00a0866\u00a0104 (p\u0159edseda, pokladn\u00edk)Tom\u00e1\u0161 Zych (jednatel)Bc. Roman Poledn\u00edk 724 416 705 (brig\u00e1dy)Vykrut\u00edk Roman 732\u00a0260\u00a0520 ( hospod\u00e1\u0159)Roman Hofer 605 540 966 ml\u00e1de\u017e)martin.skupen@seznam.czwww.senovskyrybar.czKontakt na MO \u010cRS OstravaSklen\u00e1\u0159 V\u00e1clav 737\u00a0521\u00a0579 ( p\u0159edseda)Sekretari\u00e1t:Anna \u010ce\u010dotkov\u00e1 734\u00a0656\u00a0403\u00da\u0159edn\u00ed hodiny: pond\u011bl\u00ed a \u010dtvrtek 8:00 \u2013 15:00 hod.Z\u00e1humenn\u00ed 2144\/36, 708 00 Ostrava Porubacrs.moova@seznam.cz\u00a0\u00a0www.mo-ostrava.czI\u010cO 15502791<\/p>\n","protected":false},"author":1,"featured_media":0,"parent":0,"menu_order":1,"comment_status":"closed","ping_status":"closed","template":"","meta":{"footnotes":""},"class_list":["post-22","page","type-page","status-publish","hentry"],"_links":{"self":[{"href":"https:\/\/www.senovskyrybar.cz\/index.php?rest_route=\/wp\/v2\/pages\/22","targetHints":{"allow":["GET"]}}],"collection":[{"href":"https:\/\/www.senovskyrybar.cz\/index.php?rest_route=\/wp\/v2\/pages"}],"about":[{"href":"https:\/\/www.senovskyrybar.cz\/index.php?rest_route=\/wp\/v2\/types\/page"}],"author":[{"embeddable":true,"href":"https:\/\/www.senovskyrybar.cz\/index.php?rest_route=\/wp\/v2\/users\/1"}],"replies":[{"embeddable":true,"href":"https:\/\/www.senovskyrybar.cz\/index.php?rest_route=%2Fwp%2Fv2%2Fcomments&post=22"}],"version-history":[{"count":1,"href":"https:\/\/www.senovskyrybar.cz\/index.php?rest_route=\/wp\/v2\/pages\/22\/revisions"}],"predecessor-version":[{"id":23,"href":"https:\/\/www.senovskyrybar.cz\/index.php?rest_route=\/wp\/v2\/pages\/22\/revisions\/23"}],"wp:attachment":[{"href":"https:\/\/www.senovskyrybar.cz\/index.php?rest_route=%2Fwp%2Fv2%2Fmedia&parent=22"}],"curies":[{"name":"wp","href":"https:\/\/api.w.org\/{rel}","templated":true}]}}