{"id":54,"date":"2026-04-20T13:25:43","date_gmt":"2026-04-20T11:25:43","guid":{"rendered":"https:\/\/www.senovskyrybar.cz\/?page_id=54"},"modified":"2026-04-20T13:25:43","modified_gmt":"2026-04-20T11:25:43","slug":"detsky-krouzek","status":"publish","type":"page","link":"https:\/\/www.senovskyrybar.cz\/?page_id=54","title":{"rendered":"D\u011btsk\u00fd krou\u017eek"},"content":{"rendered":"\n<p>P\u0159\u00edsp\u011bvky z d\u011btsk\u00e9ho krou\u017eku<\/p>\n\n\n\n<p><\/p>\n","protected":false},"excerpt":{"rendered":"<p>P\u0159\u00edsp\u011bvky z d\u011btsk\u00e9ho krou\u017eku<\/p>\n","protected":false},"author":1,"featured_media":0,"parent":0,"menu_order":0,"comment_status":"closed","ping_status":"closed","template":"","meta":{"footnotes":""},"class_list":["post-54","page","type-page","status-publish","hentry"],"_links":{"self":[{"href":"https:\/\/www.senovskyrybar.cz\/index.php?rest_route=\/wp\/v2\/pages\/54","targetHints":{"allow":["GET"]}}],"collection":[{"href":"https:\/\/www.senovskyrybar.cz\/index.php?rest_route=\/wp\/v2\/pages"}],"about":[{"href":"https:\/\/www.senovskyrybar.cz\/index.php?rest_route=\/wp\/v2\/types\/page"}],"author":[{"embeddable":true,"href":"https:\/\/www.senovskyrybar.cz\/index.php?rest_route=\/wp\/v2\/users\/1"}],"replies":[{"embeddable":true,"href":"https:\/\/www.senovskyrybar.cz\/index.php?rest_route=%2Fwp%2Fv2%2Fcomments&post=54"}],"version-history":[{"count":2,"href":"https:\/\/www.senovskyrybar.cz\/index.php?rest_route=\/wp\/v2\/pages\/54\/revisions"}],"predecessor-version":[{"id":56,"href":"https:\/\/www.senovskyrybar.cz\/index.php?rest_route=\/wp\/v2\/pages\/54\/revisions\/56"}],"wp:attachment":[{"href":"https:\/\/www.senovskyrybar.cz\/index.php?rest_route=%2Fwp%2Fv2%2Fmedia&parent=54"}],"curies":[{"name":"wp","href":"https:\/\/api.w.org\/{rel}","templated":true}]}}