{"id":59,"date":"2026-04-20T13:41:37","date_gmt":"2026-04-20T11:41:37","guid":{"rendered":"https:\/\/www.senovskyrybar.cz\/?page_id=59"},"modified":"2026-04-20T15:59:35","modified_gmt":"2026-04-20T13:59:35","slug":"brigady-zasedani","status":"publish","type":"page","link":"https:\/\/www.senovskyrybar.cz\/?page_id=59","title":{"rendered":"Brig\u00e1dy\/zased\u00e1n\u00ed"},"content":{"rendered":"\n<figure class=\"wp-block-image size-large\"><img loading=\"lazy\" decoding=\"async\" width=\"940\" height=\"282\" src=\"https:\/\/www.senovskyrybar.cz\/wp-content\/uploads\/2026\/04\/header-1.jpg\" alt=\"\" class=\"wp-image-65\" srcset=\"https:\/\/www.senovskyrybar.cz\/wp-content\/uploads\/2026\/04\/header-1.jpg 940w, https:\/\/www.senovskyrybar.cz\/wp-content\/uploads\/2026\/04\/header-1-300x90.jpg 300w, https:\/\/www.senovskyrybar.cz\/wp-content\/uploads\/2026\/04\/header-1-768x230.jpg 768w\" sizes=\"auto, (max-width: 940px) 100vw, 940px\" \/><\/figure>\n\n\n\n<figure class=\"wp-block-image\"><img decoding=\"async\" src=\"https:\/\/www.senovskyrybar.cz\/wp-content\/uploads\/2026\/04\/viber_image_2026-04-02_20-39-09-375-1024x768.jpg\" alt=\"Aktu\u00e1ln\u00ed obr\u00e1zek nem\u00e1 \u017e\u00e1dn\u00fd alternativn\u00ed popis. N\u00e1zev souboru je: viber_image_2026-04-02_20-39-09-375.jpg\"\/><\/figure>\n\n\n\n<figure class=\"wp-block-table\"><table class=\"has-fixed-layout\"><tbody><tr><td>25.04.2026<\/td><td>Brig\u00e1da<\/td><td><\/td><td>7:00 &#8211; 12:00. hod.<\/td><\/tr><tr><td>06.05.2026<\/td><td>zased\u00e1n\u00ed v\u00fdboru<\/td><td><\/td><td>17:30 hod.<\/td><\/tr><tr><td>23.05.2026<\/td><td>Brig\u00e1da<\/td><td><\/td><td>7:00 &#8211; 12:00. hod.<\/td><\/tr><tr><td>23.05.2026<\/td><td>sma\u017een\u00ed vaje\u010diny<\/td><td><\/td><td>od 15:00. hod.<\/td><\/tr><tr><td>03.06.2026<\/td><td>zased\u00e1n\u00ed v\u00fdboru<\/td><td><\/td><td>17:30 hod.<\/td><\/tr><tr><td>13.06.2026<\/td><td>Brig\u00e1da<\/td><td><\/td><td>7:00 &#8211; 12:00. hod.<\/td><\/tr><tr><td>02.09.2026<\/td><td>zased\u00e1n\u00ed v\u00fdboru<\/td><td><\/td><td>17:30 hod.<\/td><\/tr><tr><td>07.10.2026<\/td><td>zased\u00e1n\u00ed v\u00fdboru<\/td><td><\/td><td>17:30 hod.<\/td><\/tr><tr><td>10.10.2026<\/td><td>Brig\u00e1da<\/td><td><\/td><td>7:00 &#8211; 12:00. hod.<\/td><\/tr><\/tbody><\/table><\/figure>\n\n\n\n<figure class=\"wp-block-gallery has-nested-images columns-default is-cropped wp-block-gallery-1 is-layout-flex wp-block-gallery-is-layout-flex\"><\/figure>\n\n\n\n<details class=\"wp-block-details is-layout-flow wp-block-details-is-layout-flow\"><summary><\/summary>\n<p><\/p>\n<\/details>\n","protected":false},"excerpt":{"rendered":"<p>25.04.2026 Brig\u00e1da 7:00 &#8211; 12:00. hod. 06.05.2026 zased\u00e1n\u00ed v\u00fdboru 17:30 hod. 23.05.2026 Brig\u00e1da 7:00 &#8211; 12:00. hod. 23.05.2026 sma\u017een\u00ed vaje\u010diny od 15:00. hod. 03.06.2026 zased\u00e1n\u00ed v\u00fdboru 17:30 hod. 13.06.2026 Brig\u00e1da 7:00 &#8211; 12:00. hod. 02.09.2026 zased\u00e1n\u00ed v\u00fdboru 17:30 hod. 07.10.2026 zased\u00e1n\u00ed v\u00fdboru 17:30 hod. 10.10.2026 Brig\u00e1da 7:00 &#8211; 12:00. hod.<\/p>\n","protected":false},"author":1,"featured_media":0,"parent":0,"menu_order":0,"comment_status":"closed","ping_status":"closed","template":"","meta":{"footnotes":""},"class_list":["post-59","page","type-page","status-publish","hentry"],"_links":{"self":[{"href":"https:\/\/www.senovskyrybar.cz\/index.php?rest_route=\/wp\/v2\/pages\/59","targetHints":{"allow":["GET"]}}],"collection":[{"href":"https:\/\/www.senovskyrybar.cz\/index.php?rest_route=\/wp\/v2\/pages"}],"about":[{"href":"https:\/\/www.senovskyrybar.cz\/index.php?rest_route=\/wp\/v2\/types\/page"}],"author":[{"embeddable":true,"href":"https:\/\/www.senovskyrybar.cz\/index.php?rest_route=\/wp\/v2\/users\/1"}],"replies":[{"embeddable":true,"href":"https:\/\/www.senovskyrybar.cz\/index.php?rest_route=%2Fwp%2Fv2%2Fcomments&post=59"}],"version-history":[{"count":2,"href":"https:\/\/www.senovskyrybar.cz\/index.php?rest_route=\/wp\/v2\/pages\/59\/revisions"}],"predecessor-version":[{"id":67,"href":"https:\/\/www.senovskyrybar.cz\/index.php?rest_route=\/wp\/v2\/pages\/59\/revisions\/67"}],"wp:attachment":[{"href":"https:\/\/www.senovskyrybar.cz\/index.php?rest_route=%2Fwp%2Fv2%2Fmedia&parent=59"}],"curies":[{"name":"wp","href":"https:\/\/api.w.org\/{rel}","templated":true}]}}